{"id":107,"date":"2023-04-02T10:30:35","date_gmt":"2023-04-02T10:30:35","guid":{"rendered":"https:\/\/www.fengxieyu.com\/?page_id=107"},"modified":"2025-06-14T12:11:04","modified_gmt":"2025-06-14T12:11:04","slug":"uber-mich","status":"publish","type":"page","link":"https:\/\/www.fengxieyu.com\/index.php\/uber-mich\/","title":{"rendered":""},"content":{"rendered":"\n<div class=\"wp-block-group alignfull has-background-background-color has-background is-layout-flow\">\n<div class=\"wp-block-columns alignwide is-layout-flex wp-container-2\">\n<div class=\"wp-block-column is-layout-flow\">\n<figure class=\"wp-block-image aligncenter size-full is-resized\"><img decoding=\"async\" loading=\"lazy\" src=\"https:\/\/www.fengxieyu.com\/wp-content\/uploads\/2023\/04\/2-scaled.jpg\" alt=\"\" class=\"wp-image-114\" width=\"1240\" height=\"271\" srcset=\"https:\/\/www.fengxieyu.com\/wp-content\/uploads\/2023\/04\/2-scaled.jpg 2560w, https:\/\/www.fengxieyu.com\/wp-content\/uploads\/2023\/04\/2-300x66.jpg 300w, https:\/\/www.fengxieyu.com\/wp-content\/uploads\/2023\/04\/2-1024x224.jpg 1024w, https:\/\/www.fengxieyu.com\/wp-content\/uploads\/2023\/04\/2-768x168.jpg 768w, https:\/\/www.fengxieyu.com\/wp-content\/uploads\/2023\/04\/2-1536x336.jpg 1536w, https:\/\/www.fengxieyu.com\/wp-content\/uploads\/2023\/04\/2-2048x448.jpg 2048w\" sizes=\"(max-width: 1240px) 100vw, 1240px\" \/><\/figure>\n\n\n\n<div style=\"height:100px\" aria-hidden=\"true\" class=\"wp-block-spacer\"><\/div>\n\n\n\n<p class=\"has-text-color\" style=\"color:#000000;font-size:55px;line-height:1.1\"><strong>Gemeinsame Visionen f\u00fcr erfolgreiche Projekte \u2013 Ich helfe Ihnen dabei<\/strong><\/p>\n\n\n\n<div style=\"height:5px\" aria-hidden=\"true\" class=\"wp-block-spacer\"><\/div>\n<\/div>\n<\/div>\n\n\n\n<div class=\"wp-block-columns alignwide is-layout-flex wp-container-6\">\n<div class=\"wp-block-column is-layout-flow\" style=\"flex-basis:33.38%\">\n<p class=\"has-text-align-center\"><strong><em>\u00dcBER MICH<\/em><\/strong><\/p>\n\n\n\n<p class=\"has-text-color has-extra-small-font-size\" style=\"color:#000000\">Willkommen auf meiner Webseite! Mein Name ist <strong>Yu Lu<\/strong> und ich bin leidenschaftlich und erfahren in der <strong>Stadtplanung<\/strong> und <strong>Landschaftsarchitektur<\/strong>. <\/p>\n\n\n\n<p><\/p>\n\n\n\n<p class=\"has-text-color has-extra-small-font-size\" style=\"color:#000000\">Hier pr\u00e4sentiere ich Ihnen meine kreativen und ma\u00dfgeschneiderten handgezeichneten <strong>Visualisierungen<\/strong>, die Ihre Projekte zum Leben erwecken und auf einzigartige Weise kommunizieren.<\/p>\n<\/div>\n\n\n\n<div class=\"wp-block-column is-layout-flow\" style=\"flex-basis:33%\">\n<p class=\"has-text-align-center\"><strong><em>DIENSTLEISTUNGEN<\/em><\/strong><\/p>\n\n\n\n<ul>\n<li>Handgezeichnete Perspektiven: Veranschaulichen Sie den Charakter und die Atmosph\u00e4re Ihrer Projekte durch detailreiche und lebendige Darstellungen.<\/li>\n\n\n\n<li>Vogelperspektiven: Bieten Sie einen umfassenden \u00dcberblick \u00fcber Ihre Projekte und deren Einbindung in die Umgebung.<\/li>\n\n\n\n<li>Pr\u00e4sentationsgrafiken: Unterst\u00fctzung bei der Erstellung ansprechender Pr\u00e4sentationen, um Ihre Ideen und Konzepte effektiv zu vermitteln.<\/li>\n<\/ul>\n<\/div>\n\n\n\n<div class=\"wp-block-column is-vertically-aligned-top is-layout-flow\" style=\"flex-basis:33.62%\">\n<p class=\"has-text-align-center\"><strong><em>VORTEILE<\/em><\/strong><\/p>\n\n\n\n<ul>\n<li>Individuelle Anpassung: Jede Visualisierung wird sorgf\u00e4ltig an Ihre spezifischen Anforderungen und Vorstellungen angepasst.<\/li>\n\n\n\n<li>Kreativit\u00e4t und Expertise: Profitieren Sie von meiner langj\u00e4hrigen Erfahrung in der Branche und meinem k\u00fcnstlerischen Talent.<\/li>\n\n\n\n<li>Effektive Kommunikation: Meine handgezeichneten Visualisierungen erm\u00f6glichen es Ihnen, Ihre Projekte auf anschauliche und einpr\u00e4gsame Weise zu pr\u00e4sentieren, sowohl intern als auch gegen\u00fcber externen Stakeholdern.<\/li>\n<\/ul>\n<\/div>\n<\/div>\n\n\n\n<div class=\"wp-block-columns alignwide is-layout-flex wp-container-10\">\n<div class=\"wp-block-column is-layout-flow\">\n<figure class=\"wp-block-image size-large\"><img decoding=\"async\" loading=\"lazy\" width=\"1024\" height=\"724\" src=\"https:\/\/www.fengxieyu.com\/wp-content\/uploads\/2023\/04\/3-1-1-1024x724.jpg\" alt=\"\" class=\"wp-image-112\" srcset=\"https:\/\/www.fengxieyu.com\/wp-content\/uploads\/2023\/04\/3-1-1-1024x724.jpg 1024w, https:\/\/www.fengxieyu.com\/wp-content\/uploads\/2023\/04\/3-1-1-300x212.jpg 300w, https:\/\/www.fengxieyu.com\/wp-content\/uploads\/2023\/04\/3-1-1-768x543.jpg 768w, https:\/\/www.fengxieyu.com\/wp-content\/uploads\/2023\/04\/3-1-1-1536x1086.jpg 1536w, https:\/\/www.fengxieyu.com\/wp-content\/uploads\/2023\/04\/3-1-1-2048x1448.jpg 2048w\" sizes=\"(max-width: 1024px) 100vw, 1024px\" \/><\/figure>\n<\/div>\n\n\n\n<div class=\"wp-block-column is-layout-flow\">\n<figure class=\"wp-block-image size-large\"><img decoding=\"async\" loading=\"lazy\" width=\"2560\" height=\"1600\" src=\"https:\/\/www.fengxieyu.com\/wp-content\/uploads\/2023\/04\/Wasserspiel-02-edited-scaled.jpg\" alt=\"\" class=\"wp-image-119\" srcset=\"https:\/\/www.fengxieyu.com\/wp-content\/uploads\/2023\/04\/Wasserspiel-02-edited-scaled.jpg 2560w, https:\/\/www.fengxieyu.com\/wp-content\/uploads\/2023\/04\/Wasserspiel-02-edited-300x187.jpg 300w, https:\/\/www.fengxieyu.com\/wp-content\/uploads\/2023\/04\/Wasserspiel-02-edited-1024x640.jpg 1024w, https:\/\/www.fengxieyu.com\/wp-content\/uploads\/2023\/04\/Wasserspiel-02-edited-768x480.jpg 768w, https:\/\/www.fengxieyu.com\/wp-content\/uploads\/2023\/04\/Wasserspiel-02-edited-1536x960.jpg 1536w, https:\/\/www.fengxieyu.com\/wp-content\/uploads\/2023\/04\/Wasserspiel-02-edited-2048x1280.jpg 2048w\" sizes=\"(max-width: 2560px) 100vw, 2560px\" \/><\/figure>\n<\/div>\n\n\n\n<div class=\"wp-block-column is-layout-flow\">\n<figure class=\"wp-block-image size-large\"><img decoding=\"async\" loading=\"lazy\" width=\"1024\" height=\"622\" src=\"https:\/\/www.fengxieyu.com\/wp-content\/uploads\/2023\/04\/4-1-1024x622.jpg\" alt=\"\" class=\"wp-image-118\" srcset=\"https:\/\/www.fengxieyu.com\/wp-content\/uploads\/2023\/04\/4-1-1024x622.jpg 1024w, https:\/\/www.fengxieyu.com\/wp-content\/uploads\/2023\/04\/4-1-300x182.jpg 300w, https:\/\/www.fengxieyu.com\/wp-content\/uploads\/2023\/04\/4-1-768x466.jpg 768w, https:\/\/www.fengxieyu.com\/wp-content\/uploads\/2023\/04\/4-1-1536x932.jpg 1536w, https:\/\/www.fengxieyu.com\/wp-content\/uploads\/2023\/04\/4-1-2048x1243.jpg 2048w\" sizes=\"(max-width: 1024px) 100vw, 1024px\" \/><\/figure>\n<\/div>\n<\/div>\n<\/div>\n\n\n\n<p><strong>Kontakt<\/strong>: lex8870@googlemail.com<\/p>\n","protected":false},"excerpt":{"rendered":"<p>Gemeinsame Visionen f\u00fcr erfolgreiche Projekte \u2013 Ich helfe Ihnen dabei \u00dcBER MICH Willkommen auf meiner Webseite! Mein Name ist Yu Lu und ich bin leidenschaftlich und erfahren in der Stadtplanung und Landschaftsarchitektur. Hier pr\u00e4sentiere ich Ihnen meine kreativen und ma\u00dfgeschneiderten handgezeichneten Visualisierungen, die Ihre Projekte zum Leben erwecken und auf einzigartige Weise kommunizieren. DIENSTLEISTUNGEN VORTEILE [&hellip;]<\/p>\n","protected":false},"author":1,"featured_media":0,"parent":0,"menu_order":0,"comment_status":"closed","ping_status":"closed","template":"","meta":[],"_links":{"self":[{"href":"https:\/\/www.fengxieyu.com\/index.php\/wp-json\/wp\/v2\/pages\/107"}],"collection":[{"href":"https:\/\/www.fengxieyu.com\/index.php\/wp-json\/wp\/v2\/pages"}],"about":[{"href":"https:\/\/www.fengxieyu.com\/index.php\/wp-json\/wp\/v2\/types\/page"}],"author":[{"embeddable":true,"href":"https:\/\/www.fengxieyu.com\/index.php\/wp-json\/wp\/v2\/users\/1"}],"replies":[{"embeddable":true,"href":"https:\/\/www.fengxieyu.com\/index.php\/wp-json\/wp\/v2\/comments?post=107"}],"version-history":[{"count":8,"href":"https:\/\/www.fengxieyu.com\/index.php\/wp-json\/wp\/v2\/pages\/107\/revisions"}],"predecessor-version":[{"id":177,"href":"https:\/\/www.fengxieyu.com\/index.php\/wp-json\/wp\/v2\/pages\/107\/revisions\/177"}],"wp:attachment":[{"href":"https:\/\/www.fengxieyu.com\/index.php\/wp-json\/wp\/v2\/media?parent=107"}],"curies":[{"name":"wp","href":"https:\/\/api.w.org\/{rel}","templated":true}]}}